{"id":9,"date":"2024-04-12T17:44:53","date_gmt":"2024-04-12T15:44:53","guid":{"rendered":"https:\/\/taxi-tass-berg.de\/?page_id=9"},"modified":"2024-05-08T12:53:47","modified_gmt":"2024-05-08T10:53:47","slug":"taxi-tass-berg-starnberg","status":"publish","type":"page","link":"https:\/\/taxi-tass-berg.de\/","title":{"rendered":"Taxi Tass Berg &amp; Starnberg"},"content":{"rendered":"\n<p><strong>Taxi Tass Berg &amp; Starnberg<br>Max-Reger-Stra\u00dfe 4<br>82335 Berg<br>Telefon 0171-1002311<\/strong><\/p>\n\n\n\n<p>Wir sind Ihr Taxiunternehmen in Berg und Starnberg f\u00fcr<\/p>\n\n\n\n<ul class=\"wp-block-list\">\n<li>Personenbef\u00f6rderungen<\/li>\n\n\n\n<li>Flughafentransfer (Bringdienst &amp; Abholung vom Flughafen M\u00fcnchen, Memmingen, Stuttgart &amp; N\u00fcrnberg)<\/li>\n\n\n\n<li>Stadtfahrten<\/li>\n\n\n\n<li>Fernfahrten<\/li>\n\n\n\n<li>Besorgungsfahren<\/li>\n\n\n\n<li>Chauffeurservice<\/li>\n<\/ul>\n\n\n\n<p>Unser <strong>\u00d6ffungszeiten sind t\u00e4glich von 08:00 bis 18:00 Uhr<\/strong> sowie nach Vereinbarung.<\/p>\n\n\n\n<p><em>Wir sind Ihr freundliches Taxiunternehmen f\u00fcr Berg, Starnberg, M\u00fcnchen, Allmannshausen, Aufkirchen, Bachhausen, Kreuzweg, Icking, Farchach, Feldafing, M\u00f6rlbach, M\u00fcnsing, P\u00f6cking, Sibichhausen, Weipertshausen, Wolfratshausen<\/em><\/p>\n\n\n\n<p><strong>Impressum<\/strong><\/p>\n\n\n\n<p>Verantwortlich f\u00fcr den Inhalt dieser Internetseite ist<\/p>\n\n\n\n<p>Taxi Tass, vertreten durch Ali Tas<br>Max-Reger-Stra\u00dfe 4<br>82335 Berg<br><br>Tel. +49 (171) 1002311<br>Mail nicht vorhanden.<\/p>\n\n\n\n<p>Umsatzsteuer-Identifikationsnummer (USt-IdNr. \/ UID \/ VAT): DE329591685<\/p>\n","protected":false},"excerpt":{"rendered":"<p>Taxi Tass Berg &amp; StarnbergMax-Reger-Stra\u00dfe 482335 BergTelefon 0171-1002311 Wir sind Ihr Taxiunternehmen in Berg und Starnberg f\u00fcr Unser \u00d6ffungszeiten sind t\u00e4glich von 08:00 bis 18:00 Uhr sowie nach Vereinbarung. Wir sind Ihr freundliches Taxiunternehmen f\u00fcr Berg, Starnberg, M\u00fcnchen, Allmannshausen, Aufkirchen, Bachhausen, Kreuzweg, Icking, Farchach, Feldafing, M\u00f6rlbach, M\u00fcnsing, P\u00f6cking, Sibichhausen, Weipertshausen, Wolfratshausen Impressum Verantwortlich f\u00fcr den [&hellip;]<\/p>\n","protected":false},"author":3,"featured_media":0,"parent":0,"menu_order":0,"comment_status":"closed","ping_status":"closed","template":"","meta":{"footnotes":""},"class_list":["post-9","page","type-page","status-publish","hentry"],"_links":{"self":[{"href":"https:\/\/taxi-tass-berg.de\/index.php?rest_route=\/wp\/v2\/pages\/9","targetHints":{"allow":["GET"]}}],"collection":[{"href":"https:\/\/taxi-tass-berg.de\/index.php?rest_route=\/wp\/v2\/pages"}],"about":[{"href":"https:\/\/taxi-tass-berg.de\/index.php?rest_route=\/wp\/v2\/types\/page"}],"author":[{"embeddable":true,"href":"https:\/\/taxi-tass-berg.de\/index.php?rest_route=\/wp\/v2\/users\/3"}],"replies":[{"embeddable":true,"href":"https:\/\/taxi-tass-berg.de\/index.php?rest_route=%2Fwp%2Fv2%2Fcomments&post=9"}],"version-history":[{"count":10,"href":"https:\/\/taxi-tass-berg.de\/index.php?rest_route=\/wp\/v2\/pages\/9\/revisions"}],"predecessor-version":[{"id":29,"href":"https:\/\/taxi-tass-berg.de\/index.php?rest_route=\/wp\/v2\/pages\/9\/revisions\/29"}],"wp:attachment":[{"href":"https:\/\/taxi-tass-berg.de\/index.php?rest_route=%2Fwp%2Fv2%2Fmedia&parent=9"}],"curies":[{"name":"wp","href":"https:\/\/api.w.org\/{rel}","templated":true}]}}